{"id":18,"date":"2015-11-26T19:22:08","date_gmt":"2015-11-26T18:22:08","guid":{"rendered":"http:\/\/gites-guadeloupe-caraibes.fr\/?page_id=18"},"modified":"2021-03-13T13:16:56","modified_gmt":"2021-03-13T12:16:56","slug":"reserver","status":"publish","type":"page","link":"https:\/\/gites-guadeloupe-caraibes.fr\/index.php\/reserver\/","title":{"rendered":"Tarifs"},"content":{"rendered":"<p>Vous pouvez \u00e0 tout moment via notre onglet r\u00e9servation faire une simulation de tarif et connaitre nos disponibilit\u00e9s, la plateforme de r\u00e9servation est commune avec notre camping en Bretagne, Les Plages de Beg L\u00e9guer, n&rsquo;h\u00e9sitez pas \u00e0 nous t\u00e9l\u00e9phoner ( attention au d\u00e9calage horaire, &#8211; 6 heures en \u00e9t\u00e9, &#8211; 5 heures en hiver, appelez nous \u00e0 partir de 14 heures de m\u00e9tropole) .<\/p>\n<p><!--more--><span style=\"color: #000000;\">Les <strong>taxes de s\u00e9jour<\/strong> sont toujours en suppl\u00e9ment, le tarif actuel est de 1,5 \u20ac par nuit et par personne majeure.<br \/>\n<\/span><\/p>\n<p><a href=\"http:\/\/gites-guadeloupe-caraibes.fr\/wp-content\/uploads\/2019\/08\/Grande-Chambre-2.jpg\"><img loading=\"lazy\" decoding=\"async\" class=\"alignnone wp-image-552 \" src=\"http:\/\/gites-guadeloupe-caraibes.fr\/wp-content\/uploads\/2019\/08\/Grande-Chambre-2-300x200.jpg\" alt=\"\" width=\"342\" height=\"228\" srcset=\"https:\/\/gites-guadeloupe-caraibes.fr\/wp-content\/uploads\/2019\/08\/Grande-Chambre-2-300x200.jpg 300w, https:\/\/gites-guadeloupe-caraibes.fr\/wp-content\/uploads\/2019\/08\/Grande-Chambre-2-768x512.jpg 768w, https:\/\/gites-guadeloupe-caraibes.fr\/wp-content\/uploads\/2019\/08\/Grande-Chambre-2-1024x683.jpg 1024w, https:\/\/gites-guadeloupe-caraibes.fr\/wp-content\/uploads\/2019\/08\/Grande-Chambre-2.jpg 1806w\" sizes=\"auto, (max-width: 342px) 100vw, 342px\" \/><\/a>\u00a0\u00a0\u00a0<a href=\"http:\/\/gites-guadeloupe-caraibes.fr\/wp-content\/uploads\/2019\/08\/S\u00e9jour-1.jpg\"><img loading=\"lazy\" decoding=\"async\" class=\"alignnone wp-image-554 \" src=\"http:\/\/gites-guadeloupe-caraibes.fr\/wp-content\/uploads\/2019\/08\/S\u00e9jour-1-300x200.jpg\" alt=\"\" width=\"341\" height=\"227\" srcset=\"https:\/\/gites-guadeloupe-caraibes.fr\/wp-content\/uploads\/2019\/08\/S\u00e9jour-1-300x200.jpg 300w, https:\/\/gites-guadeloupe-caraibes.fr\/wp-content\/uploads\/2019\/08\/S\u00e9jour-1-768x512.jpg 768w, https:\/\/gites-guadeloupe-caraibes.fr\/wp-content\/uploads\/2019\/08\/S\u00e9jour-1-1024x683.jpg 1024w, https:\/\/gites-guadeloupe-caraibes.fr\/wp-content\/uploads\/2019\/08\/S\u00e9jour-1.jpg 1806w\" sizes=\"auto, (max-width: 341px) 100vw, 341px\" \/><\/a><\/p>\n<p style=\"text-align: center;\"><a href=\"http:\/\/gites-guadeloupe-caraibes.fr\/\" target=\"_blank\" rel=\"noopener noreferrer\">Locations en Guadeloupe<\/a><\/p>\n<p style=\"text-align: center;\">Karukera Sunset (ex Maryjacktropic) Morne Tarare Malendure Pigeon<\/p>\n<p style=\"text-align: center;\">97125 Bouillante tel: 05 90 98 25 46 port: 06 90 51 12 16<\/p>\n","protected":false},"excerpt":{"rendered":"<p>Vous pouvez \u00e0 tout moment via notre onglet r\u00e9servation faire une simulation de tarif et connaitre nos disponibilit\u00e9s, la plateforme de r\u00e9servation est commune avec notre camping en Bretagne, Les Plages de Beg L\u00e9guer, n&rsquo;h\u00e9sitez pas \u00e0 nous t\u00e9l\u00e9phoner (<\/p>\n","protected":false},"author":1,"featured_media":432,"parent":0,"menu_order":0,"comment_status":"closed","ping_status":"closed","template":"","meta":{"footnotes":""},"class_list":["post-18","page","type-page","status-publish","has-post-thumbnail","hentry"],"_links":{"self":[{"href":"https:\/\/gites-guadeloupe-caraibes.fr\/index.php\/wp-json\/wp\/v2\/pages\/18","targetHints":{"allow":["GET"]}}],"collection":[{"href":"https:\/\/gites-guadeloupe-caraibes.fr\/index.php\/wp-json\/wp\/v2\/pages"}],"about":[{"href":"https:\/\/gites-guadeloupe-caraibes.fr\/index.php\/wp-json\/wp\/v2\/types\/page"}],"author":[{"embeddable":true,"href":"https:\/\/gites-guadeloupe-caraibes.fr\/index.php\/wp-json\/wp\/v2\/users\/1"}],"replies":[{"embeddable":true,"href":"https:\/\/gites-guadeloupe-caraibes.fr\/index.php\/wp-json\/wp\/v2\/comments?post=18"}],"version-history":[{"count":49,"href":"https:\/\/gites-guadeloupe-caraibes.fr\/index.php\/wp-json\/wp\/v2\/pages\/18\/revisions"}],"predecessor-version":[{"id":675,"href":"https:\/\/gites-guadeloupe-caraibes.fr\/index.php\/wp-json\/wp\/v2\/pages\/18\/revisions\/675"}],"wp:featuredmedia":[{"embeddable":true,"href":"https:\/\/gites-guadeloupe-caraibes.fr\/index.php\/wp-json\/wp\/v2\/media\/432"}],"wp:attachment":[{"href":"https:\/\/gites-guadeloupe-caraibes.fr\/index.php\/wp-json\/wp\/v2\/media?parent=18"}],"curies":[{"name":"wp","href":"https:\/\/api.w.org\/{rel}","templated":true}]}}