{"id":282,"date":"2016-02-07T08:45:02","date_gmt":"2016-02-07T07:45:02","guid":{"rendered":"http:\/\/gites-guadeloupe-caraibes.fr\/?page_id=282"},"modified":"2025-07-03T19:01:56","modified_gmt":"2025-07-03T18:01:56","slug":"reservation","status":"publish","type":"page","link":"https:\/\/gites-guadeloupe-caraibes.fr\/index.php\/reservation\/","title":{"rendered":"R\u00e9servations"},"content":{"rendered":"<p>Vous pouvez connaitre nos disponibilit\u00e9s et r\u00e9server en ligne en quelques clics<\/p>\n<p>cliquez sur le lien ci dessous rentrez vos dates, puis vous aurez les disponibilit\u00e9s et tarifs , pour r\u00e9server&#8230;cliquez sur r\u00e9servation !<\/p>\n<h3 style=\"text-align: center;\"><em><strong><a href=\"https:\/\/bookingpremium.secureholiday.net\/fr\/2606\/\" target=\"_blank\" rel=\"noopener noreferrer\">cliquez ici pour voir les disponibilit\u00e9s, les tarifs et r\u00e9server en<\/a><\/strong><strong><a href=\"https:\/\/bookingpremium.secureholiday.net\/fr\/2606\/\" target=\"_blank\" rel=\"noopener noreferrer\"> ligne<\/a><\/strong><\/em><\/h3>\n<p>Bien sur nous restons \u00e0 votre disposition par t\u00e9l\u00e9phone au 06 90 51 12 16, WhatsApp +590 690 51 12 16 ou par email : info@gites-guadeloupe-caraibes.fr ( N&rsquo;oubliez pas le d\u00e9calage horaire, &#8211; 5 heures en hiver, &#8211; 6 heures en \u00e9t\u00e9)<\/p>\n<p><span style=\"color: #333333;\">Nos plannings se remplissent plusieurs mois \u00e0 l&rsquo;avance, regardez les billets d&rsquo;avion et les p\u00e9riodes qui vous int\u00e9ressent et pr\u00e9parez d\u00e9s maintenant votre prochain s\u00e9jour en Guadeloupe ! N&rsquo;h\u00e9sitez pas \u00e0 nous consulter.<br \/>\n<\/span><\/p>\n<p style=\"text-align: center;\"><a href=\"http:\/\/gites-guadeloupe-caraibes.fr\/\" target=\"_blank\" rel=\"noopener noreferrer\">Locations en Guadeloupe<\/a><\/p>\n<p style=\"text-align: center;\">Karukera Sunset (ex Maryjacktropic) Morne Tarare Malendure Pigeon<\/p>\n<p style=\"text-align: center;\">97125 Bouillante tel: 05 90 98 25 46 port: 06 90 51 12 16<\/p>\n<p><span style=\"color: #ed1a80;\">\u00a0<\/span><\/p>\n","protected":false},"excerpt":{"rendered":"<p>Vous pouvez connaitre nos disponibilit\u00e9s et r\u00e9server en ligne en quelques clics cliquez sur le lien ci dessous rentrez vos dates, puis vous aurez les disponibilit\u00e9s et tarifs , pour r\u00e9server&#8230;cliquez sur r\u00e9servation ! cliquez ici pour voir les disponibilit\u00e9s,<\/p>\n","protected":false},"author":1,"featured_media":0,"parent":0,"menu_order":0,"comment_status":"closed","ping_status":"closed","template":"","meta":{"footnotes":""},"class_list":["post-282","page","type-page","status-publish","hentry"],"_links":{"self":[{"href":"https:\/\/gites-guadeloupe-caraibes.fr\/index.php\/wp-json\/wp\/v2\/pages\/282","targetHints":{"allow":["GET"]}}],"collection":[{"href":"https:\/\/gites-guadeloupe-caraibes.fr\/index.php\/wp-json\/wp\/v2\/pages"}],"about":[{"href":"https:\/\/gites-guadeloupe-caraibes.fr\/index.php\/wp-json\/wp\/v2\/types\/page"}],"author":[{"embeddable":true,"href":"https:\/\/gites-guadeloupe-caraibes.fr\/index.php\/wp-json\/wp\/v2\/users\/1"}],"replies":[{"embeddable":true,"href":"https:\/\/gites-guadeloupe-caraibes.fr\/index.php\/wp-json\/wp\/v2\/comments?post=282"}],"version-history":[{"count":27,"href":"https:\/\/gites-guadeloupe-caraibes.fr\/index.php\/wp-json\/wp\/v2\/pages\/282\/revisions"}],"predecessor-version":[{"id":835,"href":"https:\/\/gites-guadeloupe-caraibes.fr\/index.php\/wp-json\/wp\/v2\/pages\/282\/revisions\/835"}],"wp:attachment":[{"href":"https:\/\/gites-guadeloupe-caraibes.fr\/index.php\/wp-json\/wp\/v2\/media?parent=282"}],"curies":[{"name":"wp","href":"https:\/\/api.w.org\/{rel}","templated":true}]}}