{"id":511,"date":"2018-10-29T00:51:54","date_gmt":"2018-10-28T23:51:54","guid":{"rendered":"http:\/\/gites-guadeloupe-caraibes.fr\/?page_id=511"},"modified":"2024-05-29T12:54:58","modified_gmt":"2024-05-29T11:54:58","slug":"les-plongees-de-nathalie","status":"publish","type":"page","link":"https:\/\/gites-guadeloupe-caraibes.fr\/index.php\/les-plongees-de-nathalie\/","title":{"rendered":"Karukera Sunset Plong\u00e9e"},"content":{"rendered":"<p>NOUVEAU !!!<\/p>\n<p>KARUKERA SUNSET PLONGEE<\/p>\n<p>Vos g\u00eetes Karukera Sunset vous proposent d\u00e9sormais des prestations de plong\u00e9e sous-marine et de la randonn\u00e9e palm\u00e9e en compagnie de Nathalie, MF1 et DEJEPS, assist\u00e9e au besoin de coll\u00e8gues ayant \u00e0 minima les m\u00eames qualifications.<\/p>\n<p>L\u2019\u00e9cole de plong\u00e9e itin\u00e9rante KARUKERA SUNSET PLONGEE, vous propose des sites peu fr\u00e9quent\u00e9s en petit comit\u00e9 et hors des sentiers battus, au d\u00e9part du bord ou en bateau, selon les sites choisis, la m\u00e9t\u00e9o et la disponibilit\u00e9 du bateau en dehors de la R\u00e9serve Cousteau qui n\u2019est plus accessible depuis plus de 10 ans aux nouveaux prestataires (plus aucune autorisation m\u00eame partielle n\u2019est d\u00e9livr\u00e9e par le Parc National).<\/p>\n<p>Loin des grosses structures, nous vous offrons un accompagnement sur-mesure pour une progression optimale dans l\u2019activit\u00e9. Sans contrainte de temps, la dur\u00e9e des plong\u00e9es sera celle de votre choix et de votre autonomie en air.<\/p>\n<p>Profitez de l\u2019eau chaude et d\u2019un superbe environnement pour vous lancer\u00a0!<br \/>les sorties se font \u00e0 la demande et sur r\u00e9servation uniquement.<\/p>\n<p>PRESTATIONS<\/p>\n<ul>\n<li>Initiation en piscine<\/li>\n<li>Bapt\u00eames<\/li>\n<li>Plong\u00e9es d\u2019exploration pour plongeurs brevet\u00e9s<\/li>\n<li>Plong\u00e9es de nuit, \u00e9paves<\/li>\n<li>Formations personnalis\u00e9es du PE12 au N4<\/li>\n<li>Randonn\u00e9e palm\u00e9e<\/li>\n<li>Initiation \u00e0 l\u2019apn\u00e9e en piscine<\/li>\n<li>RIFAP (obligatoire pour valider le niveau 3)<\/li>\n<\/ul>\n<p>Structure agr\u00e9e par la FFESSM (F\u00e9d\u00e9ration Fran\u00e7aise d\u2019Etudes et de Sports Sous-Marins) et l\u2019ANMP (Association Nationale des Moniteurs de Plong\u00e9e), les certifications CMAS obtenues sont valables dans le monde entier.<\/p>\n<p><a href=\"http:\/\/gites-guadeloupe-caraibes.fr\/wp-content\/uploads\/2018\/10\/DSCI2462.jpg\"><img loading=\"lazy\" decoding=\"async\" class=\"alignnone size-medium wp-image-523\" src=\"http:\/\/gites-guadeloupe-caraibes.fr\/wp-content\/uploads\/2018\/10\/DSCI2462-300x200.jpg\" alt=\"\" width=\"300\" height=\"200\" srcset=\"https:\/\/gites-guadeloupe-caraibes.fr\/wp-content\/uploads\/2018\/10\/DSCI2462-300x200.jpg 300w, https:\/\/gites-guadeloupe-caraibes.fr\/wp-content\/uploads\/2018\/10\/DSCI2462-768x512.jpg 768w, https:\/\/gites-guadeloupe-caraibes.fr\/wp-content\/uploads\/2018\/10\/DSCI2462-1024x683.jpg 1024w, https:\/\/gites-guadeloupe-caraibes.fr\/wp-content\/uploads\/2018\/10\/DSCI2462.jpg 1245w\" sizes=\"auto, (max-width: 300px) 100vw, 300px\" \/><\/a> <a href=\"http:\/\/gites-guadeloupe-caraibes.fr\/wp-content\/uploads\/2018\/10\/DSCI2446.jpg\"><img loading=\"lazy\" decoding=\"async\" class=\"alignnone size-medium wp-image-522\" src=\"http:\/\/gites-guadeloupe-caraibes.fr\/wp-content\/uploads\/2018\/10\/DSCI2446-300x200.jpg\" alt=\"\" width=\"300\" height=\"200\" srcset=\"https:\/\/gites-guadeloupe-caraibes.fr\/wp-content\/uploads\/2018\/10\/DSCI2446-300x200.jpg 300w, https:\/\/gites-guadeloupe-caraibes.fr\/wp-content\/uploads\/2018\/10\/DSCI2446-768x512.jpg 768w, https:\/\/gites-guadeloupe-caraibes.fr\/wp-content\/uploads\/2018\/10\/DSCI2446-1024x683.jpg 1024w, https:\/\/gites-guadeloupe-caraibes.fr\/wp-content\/uploads\/2018\/10\/DSCI2446.jpg 2037w\" sizes=\"auto, (max-width: 300px) 100vw, 300px\" \/><\/a> <a href=\"http:\/\/gites-guadeloupe-caraibes.fr\/wp-content\/uploads\/2018\/10\/DSCI2245.jpg\"><img loading=\"lazy\" decoding=\"async\" class=\"alignnone size-medium wp-image-521\" src=\"http:\/\/gites-guadeloupe-caraibes.fr\/wp-content\/uploads\/2018\/10\/DSCI2245-300x200.jpg\" alt=\"\" width=\"300\" height=\"200\" srcset=\"https:\/\/gites-guadeloupe-caraibes.fr\/wp-content\/uploads\/2018\/10\/DSCI2245-300x200.jpg 300w, https:\/\/gites-guadeloupe-caraibes.fr\/wp-content\/uploads\/2018\/10\/DSCI2245-768x512.jpg 768w, https:\/\/gites-guadeloupe-caraibes.fr\/wp-content\/uploads\/2018\/10\/DSCI2245-1024x683.jpg 1024w\" sizes=\"auto, (max-width: 300px) 100vw, 300px\" \/><\/a> <a href=\"http:\/\/gites-guadeloupe-caraibes.fr\/wp-content\/uploads\/2018\/10\/DSCI2175.jpg\"><img loading=\"lazy\" decoding=\"async\" class=\"alignnone size-medium wp-image-520\" src=\"http:\/\/gites-guadeloupe-caraibes.fr\/wp-content\/uploads\/2018\/10\/DSCI2175-300x200.jpg\" alt=\"\" width=\"300\" height=\"200\" srcset=\"https:\/\/gites-guadeloupe-caraibes.fr\/wp-content\/uploads\/2018\/10\/DSCI2175-300x200.jpg 300w, https:\/\/gites-guadeloupe-caraibes.fr\/wp-content\/uploads\/2018\/10\/DSCI2175-768x512.jpg 768w, https:\/\/gites-guadeloupe-caraibes.fr\/wp-content\/uploads\/2018\/10\/DSCI2175-1024x682.jpg 1024w\" sizes=\"auto, (max-width: 300px) 100vw, 300px\" \/><\/a> <a href=\"http:\/\/gites-guadeloupe-caraibes.fr\/wp-content\/uploads\/2018\/10\/DSCI1915.jpg\"><img loading=\"lazy\" decoding=\"async\" class=\"alignnone size-medium wp-image-519\" src=\"http:\/\/gites-guadeloupe-caraibes.fr\/wp-content\/uploads\/2018\/10\/DSCI1915-300x200.jpg\" alt=\"\" width=\"300\" height=\"200\" srcset=\"https:\/\/gites-guadeloupe-caraibes.fr\/wp-content\/uploads\/2018\/10\/DSCI1915-300x200.jpg 300w, https:\/\/gites-guadeloupe-caraibes.fr\/wp-content\/uploads\/2018\/10\/DSCI1915-768x512.jpg 768w, https:\/\/gites-guadeloupe-caraibes.fr\/wp-content\/uploads\/2018\/10\/DSCI1915-1024x683.jpg 1024w\" sizes=\"auto, (max-width: 300px) 100vw, 300px\" \/><\/a> <a href=\"http:\/\/gites-guadeloupe-caraibes.fr\/wp-content\/uploads\/2018\/10\/DSCI1886.jpg\"><img loading=\"lazy\" decoding=\"async\" class=\"alignnone size-medium wp-image-518\" src=\"http:\/\/gites-guadeloupe-caraibes.fr\/wp-content\/uploads\/2018\/10\/DSCI1886-300x200.jpg\" alt=\"\" width=\"300\" height=\"200\" srcset=\"https:\/\/gites-guadeloupe-caraibes.fr\/wp-content\/uploads\/2018\/10\/DSCI1886-300x200.jpg 300w, https:\/\/gites-guadeloupe-caraibes.fr\/wp-content\/uploads\/2018\/10\/DSCI1886-768x512.jpg 768w, https:\/\/gites-guadeloupe-caraibes.fr\/wp-content\/uploads\/2018\/10\/DSCI1886-1024x683.jpg 1024w\" sizes=\"auto, (max-width: 300px) 100vw, 300px\" \/><\/a> <a href=\"http:\/\/gites-guadeloupe-caraibes.fr\/wp-content\/uploads\/2018\/10\/DSCI1691.jpg\"><img loading=\"lazy\" decoding=\"async\" class=\"alignnone size-medium wp-image-517\" src=\"http:\/\/gites-guadeloupe-caraibes.fr\/wp-content\/uploads\/2018\/10\/DSCI1691-300x200.jpg\" alt=\"\" width=\"300\" height=\"200\" srcset=\"https:\/\/gites-guadeloupe-caraibes.fr\/wp-content\/uploads\/2018\/10\/DSCI1691-300x200.jpg 300w, https:\/\/gites-guadeloupe-caraibes.fr\/wp-content\/uploads\/2018\/10\/DSCI1691-768x512.jpg 768w, https:\/\/gites-guadeloupe-caraibes.fr\/wp-content\/uploads\/2018\/10\/DSCI1691-1024x683.jpg 1024w\" sizes=\"auto, (max-width: 300px) 100vw, 300px\" \/><\/a> <a href=\"http:\/\/gites-guadeloupe-caraibes.fr\/wp-content\/uploads\/2018\/10\/DSCI1689.jpg\"><img loading=\"lazy\" decoding=\"async\" class=\"alignnone size-medium wp-image-516\" src=\"http:\/\/gites-guadeloupe-caraibes.fr\/wp-content\/uploads\/2018\/10\/DSCI1689-300x200.jpg\" alt=\"\" width=\"300\" height=\"200\" srcset=\"https:\/\/gites-guadeloupe-caraibes.fr\/wp-content\/uploads\/2018\/10\/DSCI1689-300x200.jpg 300w, https:\/\/gites-guadeloupe-caraibes.fr\/wp-content\/uploads\/2018\/10\/DSCI1689-768x512.jpg 768w, https:\/\/gites-guadeloupe-caraibes.fr\/wp-content\/uploads\/2018\/10\/DSCI1689-1024x683.jpg 1024w\" sizes=\"auto, (max-width: 300px) 100vw, 300px\" \/><\/a> <a href=\"http:\/\/gites-guadeloupe-caraibes.fr\/wp-content\/uploads\/2024\/05\/DSCI1555-red-1-scaled.jpg\"><img loading=\"lazy\" decoding=\"async\" class=\"alignnone size-medium wp-image-832\" src=\"http:\/\/gites-guadeloupe-caraibes.fr\/wp-content\/uploads\/2024\/05\/DSCI1555-red-1-300x200.jpg\" alt=\"\" width=\"300\" height=\"200\" srcset=\"https:\/\/gites-guadeloupe-caraibes.fr\/wp-content\/uploads\/2024\/05\/DSCI1555-red-1-300x200.jpg 300w, https:\/\/gites-guadeloupe-caraibes.fr\/wp-content\/uploads\/2024\/05\/DSCI1555-red-1-1024x682.jpg 1024w, https:\/\/gites-guadeloupe-caraibes.fr\/wp-content\/uploads\/2024\/05\/DSCI1555-red-1-768x512.jpg 768w, https:\/\/gites-guadeloupe-caraibes.fr\/wp-content\/uploads\/2024\/05\/DSCI1555-red-1-1536x1024.jpg 1536w, https:\/\/gites-guadeloupe-caraibes.fr\/wp-content\/uploads\/2024\/05\/DSCI1555-red-1-2048x1365.jpg 2048w\" sizes=\"auto, (max-width: 300px) 100vw, 300px\" \/><\/a> <a href=\"http:\/\/gites-guadeloupe-caraibes.fr\/wp-content\/uploads\/2024\/05\/DSCI0436-red-2-scaled.jpg\"><img loading=\"lazy\" decoding=\"async\" class=\"size-medium wp-image-831 alignnone\" src=\"http:\/\/gites-guadeloupe-caraibes.fr\/wp-content\/uploads\/2024\/05\/DSCI0436-red-2-300x200.jpg\" alt=\"\" width=\"300\" height=\"200\" srcset=\"https:\/\/gites-guadeloupe-caraibes.fr\/wp-content\/uploads\/2024\/05\/DSCI0436-red-2-300x200.jpg 300w, https:\/\/gites-guadeloupe-caraibes.fr\/wp-content\/uploads\/2024\/05\/DSCI0436-red-2-1024x682.jpg 1024w, https:\/\/gites-guadeloupe-caraibes.fr\/wp-content\/uploads\/2024\/05\/DSCI0436-red-2-768x512.jpg 768w, https:\/\/gites-guadeloupe-caraibes.fr\/wp-content\/uploads\/2024\/05\/DSCI0436-red-2-1536x1024.jpg 1536w, https:\/\/gites-guadeloupe-caraibes.fr\/wp-content\/uploads\/2024\/05\/DSCI0436-red-2-2048x1365.jpg 2048w\" sizes=\"auto, (max-width: 300px) 100vw, 300px\" \/><\/a><a href=\"http:\/\/gites-guadeloupe-caraibes.fr\/wp-content\/uploads\/2024\/05\/DSCI1642-red-2-scaled.jpg\"><img loading=\"lazy\" decoding=\"async\" class=\"size-medium wp-image-833 alignnone\" src=\"http:\/\/gites-guadeloupe-caraibes.fr\/wp-content\/uploads\/2024\/05\/DSCI1642-red-2-300x200.jpg\" alt=\"\" width=\"300\" height=\"200\" srcset=\"https:\/\/gites-guadeloupe-caraibes.fr\/wp-content\/uploads\/2024\/05\/DSCI1642-red-2-300x200.jpg 300w, https:\/\/gites-guadeloupe-caraibes.fr\/wp-content\/uploads\/2024\/05\/DSCI1642-red-2-1024x682.jpg 1024w, https:\/\/gites-guadeloupe-caraibes.fr\/wp-content\/uploads\/2024\/05\/DSCI1642-red-2-768x512.jpg 768w, https:\/\/gites-guadeloupe-caraibes.fr\/wp-content\/uploads\/2024\/05\/DSCI1642-red-2-1536x1024.jpg 1536w, https:\/\/gites-guadeloupe-caraibes.fr\/wp-content\/uploads\/2024\/05\/DSCI1642-red-2-2048x1365.jpg 2048w\" sizes=\"auto, (max-width: 300px) 100vw, 300px\" \/><\/a> <a href=\"http:\/\/gites-guadeloupe-caraibes.fr\/wp-content\/uploads\/2024\/05\/DSCI0424-red-2-scaled.jpg\"><img loading=\"lazy\" decoding=\"async\" class=\"size-medium wp-image-830 alignnone\" src=\"http:\/\/gites-guadeloupe-caraibes.fr\/wp-content\/uploads\/2024\/05\/DSCI0424-red-2-300x200.jpg\" alt=\"\" width=\"300\" height=\"200\" srcset=\"https:\/\/gites-guadeloupe-caraibes.fr\/wp-content\/uploads\/2024\/05\/DSCI0424-red-2-300x200.jpg 300w, https:\/\/gites-guadeloupe-caraibes.fr\/wp-content\/uploads\/2024\/05\/DSCI0424-red-2-1024x682.jpg 1024w, https:\/\/gites-guadeloupe-caraibes.fr\/wp-content\/uploads\/2024\/05\/DSCI0424-red-2-768x512.jpg 768w, https:\/\/gites-guadeloupe-caraibes.fr\/wp-content\/uploads\/2024\/05\/DSCI0424-red-2-1536x1024.jpg 1536w, https:\/\/gites-guadeloupe-caraibes.fr\/wp-content\/uploads\/2024\/05\/DSCI0424-red-2-2048x1365.jpg 2048w\" sizes=\"auto, (max-width: 300px) 100vw, 300px\" \/><\/a><\/p>\n\n\n\n<div class=\"wp-block-image\">\n<figure class=\"aligncenter size-large\"><a href=\"http:\/\/gites-guadeloupe-caraibes.fr\/wp-content\/uploads\/2024\/05\/IMG_4828-red-11.jpg\"><img loading=\"lazy\" decoding=\"async\" width=\"768\" height=\"1024\" src=\"http:\/\/gites-guadeloupe-caraibes.fr\/wp-content\/uploads\/2024\/05\/IMG_4828-red-11-768x1024.jpg\" alt=\"\" class=\"wp-image-829\" srcset=\"https:\/\/gites-guadeloupe-caraibes.fr\/wp-content\/uploads\/2024\/05\/IMG_4828-red-11-768x1024.jpg 768w, https:\/\/gites-guadeloupe-caraibes.fr\/wp-content\/uploads\/2024\/05\/IMG_4828-red-11-225x300.jpg 225w, https:\/\/gites-guadeloupe-caraibes.fr\/wp-content\/uploads\/2024\/05\/IMG_4828-red-11-1152x1536.jpg 1152w, https:\/\/gites-guadeloupe-caraibes.fr\/wp-content\/uploads\/2024\/05\/IMG_4828-red-11-1536x2048.jpg 1536w, https:\/\/gites-guadeloupe-caraibes.fr\/wp-content\/uploads\/2024\/05\/IMG_4828-red-11.jpg 1814w\" sizes=\"auto, (max-width: 768px) 100vw, 768px\" \/><\/a><\/figure>\n<\/div>","protected":false},"excerpt":{"rendered":"<p>NOUVEAU !!! KARUKERA SUNSET PLONGEE Vos g\u00eetes Karukera Sunset vous proposent d\u00e9sormais des prestations de plong\u00e9e sous-marine et de la randonn\u00e9e palm\u00e9e en compagnie de Nathalie, MF1 et DEJEPS, assist\u00e9e au besoin de coll\u00e8gues ayant \u00e0 minima les m\u00eames qualifications.<\/p>\n","protected":false},"author":1,"featured_media":0,"parent":0,"menu_order":0,"comment_status":"closed","ping_status":"closed","template":"","meta":{"footnotes":""},"class_list":["post-511","page","type-page","status-publish","hentry"],"_links":{"self":[{"href":"https:\/\/gites-guadeloupe-caraibes.fr\/index.php\/wp-json\/wp\/v2\/pages\/511","targetHints":{"allow":["GET"]}}],"collection":[{"href":"https:\/\/gites-guadeloupe-caraibes.fr\/index.php\/wp-json\/wp\/v2\/pages"}],"about":[{"href":"https:\/\/gites-guadeloupe-caraibes.fr\/index.php\/wp-json\/wp\/v2\/types\/page"}],"author":[{"embeddable":true,"href":"https:\/\/gites-guadeloupe-caraibes.fr\/index.php\/wp-json\/wp\/v2\/users\/1"}],"replies":[{"embeddable":true,"href":"https:\/\/gites-guadeloupe-caraibes.fr\/index.php\/wp-json\/wp\/v2\/comments?post=511"}],"version-history":[{"count":3,"href":"https:\/\/gites-guadeloupe-caraibes.fr\/index.php\/wp-json\/wp\/v2\/pages\/511\/revisions"}],"predecessor-version":[{"id":765,"href":"https:\/\/gites-guadeloupe-caraibes.fr\/index.php\/wp-json\/wp\/v2\/pages\/511\/revisions\/765"}],"wp:attachment":[{"href":"https:\/\/gites-guadeloupe-caraibes.fr\/index.php\/wp-json\/wp\/v2\/media?parent=511"}],"curies":[{"name":"wp","href":"https:\/\/api.w.org\/{rel}","templated":true}]}}